{"id":1737,"date":"2013-11-05T18:02:36","date_gmt":"2013-11-05T17:02:36","guid":{"rendered":"http:\/\/bleger-rhein-poupon.com\/contacts\/"},"modified":"2021-04-15T15:11:51","modified_gmt":"2021-04-15T14:11:51","slug":"contacts","status":"publish","type":"page","link":"https:\/\/bleger-rhein-poupon.com\/de\/contacts\/","title":{"rendered":"Kontakts"},"content":{"rendered":"<div class=\"wpgmp_map_container wpgmp-map-1\" rel=\"map1\"><div class=\"wpgmp_map_parent\"><div class=\"wpgmp_map \" style=\"width:100%; height:500px;\" id=\"map1\" ><\/div><\/div><\/div><script>jQuery(document).ready(function($) {var map1 = $(\"#map1\").maps({\"map_options\":{\"center_lat\":\"42.75\",\"center_lng\":\"57.06\",\"zoom\":3,\"map_type_id\":\"ROADMAP\",\"draggable\":true,\"scroll_wheel\":true,\"display_45_imagery\":\"\",\"marker_default_icon\":\"\",\"infowindow_setting\":\"\",\"infowindow_bounce_animation\":null,\"infowindow_drop_animation\":false,\"close_infowindow_on_map_click\":false,\"default_infowindow_open\":false,\"infowindow_open_event\":\"click\",\"full_screen_control\":true,\"search_control\":true,\"zoom_control\":true,\"map_type_control\":true,\"street_view_control\":true,\"full_screen_control_position\":null,\"search_control_position\":\"TOP_LEFT\",\"zoom_control_position\":\"TOP_LEFT\",\"map_type_control_position\":\"TOP_RIGHT\",\"map_type_control_style\":\"HORIZONTAL_BAR\",\"street_view_control_position\":\"TOP_LEFT\",\"map_control\":true,\"map_control_settings\":false,\"map_zoom_after_search\":6,\"width\":\"\",\"height\":\"500\"},\"places\":[{\"id\":\"1\",\"title\":\"Si\\u00e8ge\",\"address\":\"4a Rue de l'Industrie, Mundolsheim, France\",\"source\":\"manual\",\"content\":\"Cabinet BLEGER-RHEIN-POUPON<br>\\r\\n4A RUE DE L'INDUSTRIE<br>\\r\\n67450 MUNDOLSHEIM<br>\\r\\nFRANCE<br>\\r\\nT\\u00e9l. : +33 (0)3 88 81 64 66<br>\\r\\nFax : +33 (0)3 88 81 68 98<br>\\r\\nEmail : cabinet@bleger-rhein.com\",\"location\":{\"icon\":\"https:\\\/\\\/bleger-rhein-poupon.com\\\/wp-content\\\/plugins\\\/wp-google-map-plugin\\\/assets\\\/images\\\/default_marker.png\",\"lat\":\"48.6361451547362\",\"lng\":\"7.725089675146478\",\"city\":\"Mundolsheim\",\"state\":\"Alsace\",\"country\":\"France\",\"onclick_action\":\"marker\",\"redirect_custom_link\":\"\",\"marker_image\":\"\",\"open_new_tab\":\"yes\",\"postal_code\":\"67450\",\"draggable\":false,\"infowindow_default_open\":false,\"animation\":\"BOUNCE\",\"infowindow_disable\":true,\"zoom\":5,\"extra_fields\":\"\"},\"categories\":[],\"custom_filters\":\"\"},{\"id\":\"2\",\"title\":\"Champagne-Ardenne\",\"address\":\"2 Rue Saint-Dominique, 51000 Ch\\u00e2lons-en-Champagne, France\",\"source\":\"manual\",\"content\":\"Cabinet BLEGER-RHEIN-POUPON Champagne-Ardenne<br \\\/>\\r\\n2 RUE SAINT DOMINIQUE<br \\\/>\\r\\nPEPINIERE TECHNOLOGIQUE<br \\\/>\\r\\n51000 CHALONS EN CHAMPAGNE<br \\\/>\\r\\nT\\u00e9l. : +33 (0)3 26 68 40 00<br \\\/>\\r\\nEmail : reims@bleger-rhein.com\",\"location\":{\"icon\":\"https:\\\/\\\/bleger-rhein-poupon.com\\\/wp-content\\\/plugins\\\/wp-google-map-plugin\\\/assets\\\/images\\\/default_marker.png\",\"lat\":\"48.956984\",\"lng\":\"4.356793\",\"city\":\"Ch\\u00e2lons-en-Champagne\",\"state\":\"Alsace-Champagne-Ardenne-Lorraine\",\"country\":\"France\",\"onclick_action\":\"marker\",\"redirect_custom_link\":\"\",\"marker_image\":\"\",\"open_new_tab\":\"yes\",\"postal_code\":\"51000\",\"draggable\":false,\"infowindow_default_open\":false,\"animation\":\"BOUNCE\",\"infowindow_disable\":true,\"zoom\":5,\"extra_fields\":\"\"},\"categories\":[],\"custom_filters\":\"\"},{\"id\":\"3\",\"title\":\"Lorraine\",\"address\":\"2 All\\u00e9e de la For\\u00eat de la Reine, 54500 Vand\\u0153uvre-l\\u00e8s-Nancy, France\",\"source\":\"manual\",\"content\":\"Cabinet BLEGER-RHEIN-POUPON Lorraine<br \\\/>\\r\\n2 ALLEE DE LA FOR\\u00caT DE LA REINE<br \\\/>\\r\\n54500 VAND\\u0152UVRE LES NANCY<br \\\/>\\r\\nT\\u00e9l  : +33 (0)3 83 50 80 50<br \\\/>\\r\\nFax : +33 (0)3 83 50 80 59<br \\\/>\\r\\nEmail : nancy@bleger-rhein.com\",\"location\":{\"icon\":\"https:\\\/\\\/bleger-rhein-poupon.com\\\/wp-content\\\/plugins\\\/wp-google-map-plugin\\\/assets\\\/images\\\/default_marker.png\",\"lat\":\"48.655491\",\"lng\":\"6.132276\",\"city\":\"Vand\\u0153uvre-l\\u00e8s-Nancy\",\"state\":\"Alsace-Champagne-Ardenne-Lorraine\",\"country\":\"France\",\"onclick_action\":\"marker\",\"redirect_custom_link\":\"\",\"marker_image\":\"\",\"open_new_tab\":\"yes\",\"postal_code\":\"54500\",\"draggable\":false,\"infowindow_default_open\":false,\"animation\":\"BOUNCE\",\"infowindow_disable\":true,\"zoom\":5,\"extra_fields\":\"\"},\"categories\":[],\"custom_filters\":\"\"},{\"id\":\"4\",\"title\":\"Reims\",\"address\":\"11 Rue Gaston Boyer, Reims, France\",\"source\":\"manual\",\"content\":\"Cabinet BLEGER-RHEIN-POUPON REIMS <br>11 RUE GASTON BOYER <br>51100 REIMS <br>T\\u00e9l : +33 (0)3 26 82 74 75 <br>Fax : +33 (0)3 26 82 72 52 <br>Email : reims@bleger-rhein.com\",\"location\":{\"icon\":\"https:\\\/\\\/bleger-rhein-poupon.com\\\/wp-content\\\/plugins\\\/wp-google-map-plugin\\\/assets\\\/images\\\/default_marker.png\",\"lat\":\"49.261619435964356\",\"lng\":\"4.0200776614515075\",\"city\":\"Reims\",\"state\":\"Alsace-Champagne-Ardenne-Lorraine\",\"country\":\"France\",\"onclick_action\":\"marker\",\"redirect_custom_link\":\"\",\"marker_image\":\"\",\"open_new_tab\":\"yes\",\"postal_code\":\"51100\",\"draggable\":false,\"infowindow_default_open\":false,\"animation\":\"BOUNCE\",\"infowindow_disable\":true,\"zoom\":5,\"extra_fields\":\"\"},\"categories\":[],\"custom_filters\":\"\"},{\"id\":\"5\",\"title\":\"Franche Comt\\u00e9\",\"address\":\"17f Rue Alain Savary, Besan\\u00e7on, France\",\"source\":\"manual\",\"content\":\"Cabinet BLEGER-RHEIN-POUPON Franche Comt\\u00e9 TEMIS CENTER 1 17F RUE ALAIN SAVARY 25000 BESAN\\u00c7ON T\\u00e9l : +33 (0)3 81 88 66 24 Fax : +33 (0)3 26 82 72 52 Email : besancon@bleger-rhein.com\",\"location\":{\"icon\":\"https:\\\/\\\/bleger-rhein-poupon.com\\\/wp-content\\\/plugins\\\/wp-google-map-plugin\\\/assets\\\/images\\\/default_marker.png\",\"lat\":\"47.251582\",\"lng\":\"5.999091\",\"city\":\"Besan\\u00e7on\",\"state\":\"Bourgogne Franche-Comt\\u00e9\",\"country\":\"France\",\"onclick_action\":\"marker\",\"redirect_custom_link\":\"\",\"marker_image\":\"\",\"open_new_tab\":\"yes\",\"postal_code\":\"25000\",\"draggable\":false,\"infowindow_default_open\":false,\"animation\":\"BOUNCE\",\"infowindow_disable\":true,\"zoom\":5,\"extra_fields\":\"\"},\"categories\":[],\"custom_filters\":\"\"},{\"id\":\"6\",\"title\":\"Languedoc-Roussillon\",\"address\":\"55 Avenue Cl\\u00e9ment Ader, Castelnau-le-Lez, France\",\"source\":\"manual\",\"content\":\"Cabinet BREV&amp;SUD Languedoc-Roussillon<br>\\r\\n55 AVENUE CLEMENT ADER<br>\\r\\n34170 CASTELNAU LE LEZ<br>\\r\\nT\\u00e9l : +33 (0)4 67 13 82 41<br>\\r\\nFax : +33 (0)4 67 13 82 49<br>\\r\\nEmail : office@brevesud.com\",\"location\":{\"icon\":\"https:\\\/\\\/bleger-rhein-poupon.com\\\/wp-content\\\/plugins\\\/wp-google-map-plugin\\\/assets\\\/images\\\/default_marker.png\",\"lat\":\"43.6273626\",\"lng\":\"3.912003499999969\",\"city\":\"Castelnau-le-Lez\",\"state\":\"Languedoc-Roussillon Midi-Pyr\\u00e9n\\u00e9es\",\"country\":\"France\",\"onclick_action\":\"marker\",\"redirect_custom_link\":\"\",\"marker_image\":\"\",\"open_new_tab\":\"yes\",\"postal_code\":\"34170\",\"draggable\":false,\"infowindow_default_open\":false,\"animation\":\"BOUNCE\",\"infowindow_disable\":true,\"zoom\":5,\"extra_fields\":\"\"},\"categories\":[],\"custom_filters\":\"\"},{\"id\":\"7\",\"title\":\"Paris\",\"address\":\"8 Rue du Mont Thabor, Paris, France\",\"source\":\"manual\",\"content\":\"Cabinet BLEGER-RHEIN-POUPON Paris <br>\\r\\n8 RUE DU MONT THABOR<br>\\r\\n75001 PARIS<br>\\r\\nEmail : cabinet@bleger-rhein.com\",\"location\":{\"icon\":\"https:\\\/\\\/bleger-rhein-poupon.com\\\/wp-content\\\/plugins\\\/wp-google-map-plugin\\\/assets\\\/images\\\/default_marker.png\",\"lat\":\"48.8657462\",\"lng\":\"2.329067200000054\",\"city\":\"Paris\",\"state\":\"\\u00cele-de-France\",\"country\":\"France\",\"onclick_action\":\"marker\",\"redirect_custom_link\":\"\",\"marker_image\":\"\",\"open_new_tab\":\"yes\",\"postal_code\":\"75001\",\"draggable\":false,\"infowindow_default_open\":false,\"animation\":\"BOUNCE\",\"infowindow_disable\":true,\"zoom\":5,\"extra_fields\":\"\"},\"categories\":[],\"custom_filters\":\"\"},{\"id\":\"8\",\"title\":\"Hong-Kong\",\"address\":\"Des Voeux Road Central, 317-319, Hong-Kong, Hong Kong\",\"source\":\"manual\",\"content\":\"Cabinet BLEGER-RHEIN-POUPON Hong-Kong<br \\\/>\\r\\nROOM 2107-08, 21<br \\\/>\\r\\nF KAI TAK COMMERCIAL BUILDING<br \\\/>\\r\\n317-319 DES VOEUX ROAD CENTRAL<br \\\/>\\r\\nHONG - KONG<br \\\/>\\r\\nEmail : cabinet@bleger-rhein.com\",\"location\":{\"icon\":\"https:\\\/\\\/bleger-rhein-poupon.com\\\/wp-content\\\/plugins\\\/wp-google-map-plugin\\\/assets\\\/images\\\/default_marker.png\",\"lat\":\"22.287262\",\"lng\":\"114.150703\",\"city\":\"Hong Kong Island\",\"state\":\"New Territories\",\"country\":\"Hong Kong\",\"onclick_action\":\"marker\",\"redirect_custom_link\":\"\",\"marker_image\":\"\",\"open_new_tab\":\"yes\",\"postal_code\":\"\",\"draggable\":false,\"infowindow_default_open\":false,\"animation\":\"BOUNCE\",\"infowindow_disable\":true,\"zoom\":5,\"extra_fields\":\"\"},\"categories\":[],\"custom_filters\":\"\"}],\"styles\":\"\",\"listing\":\"\",\"map_property\":{\"map_id\":\"1\"}}).data(\"wpgmp_maps\");});<\/script>\n<div class=\"column col-12\">\n<p><strong>Cabinet BLEGER-RHEIN-POUPON &#8211; Si\u00e8ge<\/strong><br \/>\n4A RUE DE L&#8217;INDUSTRIE<br \/>\n67450 MUNDOLSHEIM<br \/>\nFRANCE<br \/>\n<strong>T\u00e9l. :<\/strong>\u00a0+33 (0)3 88 81 64 66<br \/>\n<strong>Fax :<\/strong>\u00a0+33 (0)3 88 81 68 98<br \/>\n<strong>Email :<\/strong>\u00a0cabinet@bleger-rhein.com<\/p>\n<hr class=\"normal\" \/>\n<p><strong>Cabinet BLEGER-RHEIN-POUPON Lorraine<\/strong><br \/>\n2 ALLEE DE LA FOR\u00caT DE LA REINE<br \/>\n54500 VAND\u0152UVRE LES NANCY<br \/>\n<strong>T\u00e9l. :<\/strong>\u00a0+33 (0)3 83 50 80 50<br \/>\n<strong>Fax :<\/strong> +33 (0)3 83 50 80 59<br \/>\n<strong>Email :<\/strong>\u00a0nancy@bleger-rhein.com<\/p>\n<hr class=\"normal\" \/>\n<p><strong>Cabinet\u00a0BLEGER-RHEIN-POUPON Champagne-Ardenne<\/strong><br \/>\n2 RUE SAINT DOMINIQUE<br \/>\nPEPINIERE TECHNOLOGIQUE<br \/>\n51000 CHALONS EN CHAMPAGNE<br \/>\n<strong>T\u00e9l. :<\/strong> +33 (0)3 26 68 40 00<br \/>\n<strong>Email :<\/strong>\u00a0reims@bleger-rhein.com<\/p>\n<hr class=\"normal\" \/>\n<p><strong>Cabinet BLEGER-RHEIN-POUPON REIMS<\/strong><br \/>\n1 RUE DE L&#8217;ARBALETE<br \/>\n51100 REIMS<br \/>\n<strong>T\u00e9l. :<\/strong>\u00a0+33 (0)3 26 82 74 75<br \/>\n<strong>Fax :<\/strong>\u00a0+33 (0)3 26 82 72 52<br \/>\n<strong>Email :<\/strong>\u00a0reims@bleger-rhein.com<\/p>\n<hr class=\"normal\" \/>\n<p><strong>Cabinet BLEGER-RHEIN-POUPON Franche Comt\u00e9<\/strong><br \/>\nTEMIS CENTER 1<br \/>\n17F RUE ALAIN SAVARY<br \/>\n25000 BESAN\u00c7ON<br \/>\n<strong>T\u00e9l. :<\/strong> +33 (0)3 81 88 66 24<br \/>\n<strong>Fax :<\/strong> +33 (0)3 26 82 72 52<br \/>\n<strong>Email :<\/strong> besancon@bleger-rhein.com<\/p>\n<hr class=\"normal\" \/>\n<p><strong>Cabinet BLEGER-RHEIN-POUPON Auvergne &#8211; Rh\u00f4ne &#8211; Alpes<\/strong><br \/>\nTechnopole Alimentec<br \/>\n155 Rue Henri de Boissieu<br \/>\n01000 Bourg en Bresse<br \/>\n<strong>T\u00e9l. :<\/strong> +33 3 81 88 66 24<br \/>\n<strong>Fax :<\/strong> +33 3 26 82 72 52<br \/>\n<strong>Email :<\/strong> bourg@bleger-rhein.com<\/p>\n<\/div>\n<div class=\"column col-12 last\">\n<h2>Bitte f\u00fcllen Sie dieses Formular aus, um uns zu kontaktieren.<\/h2>\n<div role=\"form\" class=\"wpcf7\" id=\"wpcf7-f1738-o1\" lang=\"fr-FR\" dir=\"ltr\">\n<div class=\"screen-reader-response\"><p role=\"status\" aria-live=\"polite\" aria-atomic=\"true\"><\/p> <ul><\/ul><\/div>\n<form action=\"\/de\/wp-json\/wp\/v2\/pages\/1737#wpcf7-f1738-o1\" method=\"post\" class=\"wpcf7-form init\" novalidate=\"novalidate\" data-status=\"init\">\n<div style=\"display: none;\">\n<input type=\"hidden\" name=\"_wpcf7\" value=\"1738\" \/>\n<input type=\"hidden\" name=\"_wpcf7_version\" value=\"5.6.4\" \/>\n<input type=\"hidden\" name=\"_wpcf7_locale\" value=\"fr_FR\" \/>\n<input type=\"hidden\" name=\"_wpcf7_unit_tag\" value=\"wpcf7-f1738-o1\" \/>\n<input type=\"hidden\" name=\"_wpcf7_container_post\" value=\"0\" \/>\n<input type=\"hidden\" name=\"_wpcf7_posted_data_hash\" value=\"\" \/>\n<input type=\"hidden\" name=\"_wpcf7_recaptcha_response\" value=\"\" \/>\n<\/div>\n<p>Ihre Name (erforderlich)<br \/>\n    <span class=\"wpcf7-form-control-wrap\" data-name=\"your-name\"><input type=\"text\" name=\"your-name\" value=\"\" size=\"40\" class=\"wpcf7-form-control wpcf7-text wpcf7-validates-as-required\" aria-required=\"true\" aria-invalid=\"false\" \/><\/span> <\/p>\n<p>Ihre email (erforderlich)<br \/>\n    <span class=\"wpcf7-form-control-wrap\" data-name=\"your-email\"><input type=\"email\" name=\"your-email\" value=\"\" size=\"40\" class=\"wpcf7-form-control wpcf7-text wpcf7-email wpcf7-validates-as-required wpcf7-validates-as-email\" aria-required=\"true\" aria-invalid=\"false\" \/><\/span> <\/p>\n<p>Ihre Telefonnummer (erforderlich)<br \/>\n<span class=\"wpcf7-form-control-wrap\" data-name=\"tel-712\"><input type=\"tel\" name=\"tel-712\" value=\"\" size=\"40\" class=\"wpcf7-form-control wpcf7-text wpcf7-tel wpcf7-validates-as-required wpcf7-validates-as-tel\" aria-required=\"true\" aria-invalid=\"false\" \/><\/span><\/p>\n<p>Betreff<br \/>\n    <span class=\"wpcf7-form-control-wrap\" data-name=\"your-subject\"><input type=\"text\" name=\"your-subject\" value=\"\" size=\"40\" class=\"wpcf7-form-control wpcf7-text\" aria-invalid=\"false\" \/><\/span> <\/p>\n<p>Ihre Nachricht (erforderlich)<br \/>\n    <span class=\"wpcf7-form-control-wrap\" data-name=\"your-message\"><textarea name=\"your-message\" cols=\"40\" rows=\"10\" class=\"wpcf7-form-control wpcf7-textarea wpcf7-validates-as-required\" aria-required=\"true\" aria-invalid=\"false\"><\/textarea><\/span> <\/p>\n<p><br\/><\/p>\n\n<p style=\"text-align: justify\">Sie werden informiert, dass gem\u00e4\u00df dem franz\u00f6sischen Gesetz Informatique, Dateien und Freiheiten vom 6. Januar 1978, die Informationen, die Sie aufgrund der Formulare, die auf dieser Website vorhanden sind, kommunizieren, um Ihre Anfragen zu beantworten, und wir nur beabsichtigt sind, als verantwortlich f\u00fcr die Verarbeitung, f\u00fcr die administrative und kaufm\u00e4nnische Verwaltung.<\/p>\n<p><br><\/p>\n\n<p><input type=\"submit\" value=\"Senden\" class=\"wpcf7-form-control has-spinner wpcf7-submit\" \/><\/p>\n<div class=\"wpcf7-response-output\" aria-hidden=\"true\"><\/div><\/form><\/div>\n<hr class=\"normal\" \/>\n<p><strong>Cabinet BREV&amp;SUD Languedoc-Roussillon <\/strong><br \/>\n55 AVENUE CLEMENT ADER<br \/>\n34170 CASTELNAU LE LEZ<br \/>\n<strong>T\u00e9l. :<\/strong> +33 (0)4 67 13 82 41<br \/>\n<strong>Fax :<\/strong> +33 (0)4 67 13 82 49<br \/>\n<strong>Email :<\/strong> office@brevesud.com<\/p>\n<hr class=\"normal\" \/>\n<p><strong>Cabinet BLEGER-RHEIN-POUPON Paris <\/strong><br \/>\n8 RUE DU MONT THABOR<br \/>\n75001 PARIS<br \/>\n<strong>Email :<\/strong> cabinet@bleger-rhein.com<\/p>\n<hr class=\"normal\" \/>\n<p><strong>Cabinet BLEGER-RHEIN-POUPON Hong-Kong<\/strong><br \/>\nROOM 2107-08, 21<br \/>\nF KAI TAK COMMERCIAL BUILDING<br \/>\n317-319 DES VOEUX ROAD CENTRAL<br \/>\nHONG &#8211; KONG<br \/>\n<strong>Email :<\/strong> cabinet@bleger-rhein.com<\/p>\n<\/div>\n","protected":false},"excerpt":{"rendered":"","protected":false},"author":3,"featured_media":0,"parent":0,"menu_order":9,"comment_status":"closed","ping_status":"closed","template":"","meta":[],"_links":{"self":[{"href":"https:\/\/bleger-rhein-poupon.com\/de\/wp-json\/wp\/v2\/pages\/1737"}],"collection":[{"href":"https:\/\/bleger-rhein-poupon.com\/de\/wp-json\/wp\/v2\/pages"}],"about":[{"href":"https:\/\/bleger-rhein-poupon.com\/de\/wp-json\/wp\/v2\/types\/page"}],"author":[{"embeddable":true,"href":"https:\/\/bleger-rhein-poupon.com\/de\/wp-json\/wp\/v2\/users\/3"}],"replies":[{"embeddable":true,"href":"https:\/\/bleger-rhein-poupon.com\/de\/wp-json\/wp\/v2\/comments?post=1737"}],"version-history":[{"count":3,"href":"https:\/\/bleger-rhein-poupon.com\/de\/wp-json\/wp\/v2\/pages\/1737\/revisions"}],"predecessor-version":[{"id":2454,"href":"https:\/\/bleger-rhein-poupon.com\/de\/wp-json\/wp\/v2\/pages\/1737\/revisions\/2454"}],"wp:attachment":[{"href":"https:\/\/bleger-rhein-poupon.com\/de\/wp-json\/wp\/v2\/media?parent=1737"}],"curies":[{"name":"wp","href":"https:\/\/api.w.org\/{rel}","templated":true}]}}