{"id":1857,"date":"2013-11-06T11:50:15","date_gmt":"2013-11-06T10:50:15","guid":{"rendered":"http:\/\/bleger-rhein-poupon.com\/cabinet\/"},"modified":"2018-02-28T15:05:29","modified_gmt":"2018-02-28T14:05:29","slug":"cabinet","status":"publish","type":"page","link":"https:\/\/bleger-rhein-poupon.com\/de\/cabinet\/","title":{"rendered":"Le Cabinet"},"content":{"rendered":"<p style=\"text-align: justify;\"><span style=\"line-height: 1.5em;\"><a href=\"http:\/\/bleger-rhein-poupon.com\/wp-content\/uploads\/24092015-IMG_0934.jpg\"><img loading=\"lazy\" class=\"wp-image-1340 alignleft\" src=\"http:\/\/bleger-rhein-poupon.com\/wp-content\/uploads\/24092015-IMG_0934-683x1024.jpg\" alt=\"24092015-IMG_0934\" width=\"372\" height=\"558\" srcset=\"https:\/\/bleger-rhein-poupon.com\/wp-content\/uploads\/24092015-IMG_0934-683x1024.jpg 683w, https:\/\/bleger-rhein-poupon.com\/wp-content\/uploads\/24092015-IMG_0934-200x300.jpg 200w, https:\/\/bleger-rhein-poupon.com\/wp-content\/uploads\/24092015-IMG_0934-1160x1740.jpg 1160w, https:\/\/bleger-rhein-poupon.com\/wp-content\/uploads\/24092015-IMG_0934-520x780.jpg 520w, https:\/\/bleger-rhein-poupon.com\/wp-content\/uploads\/24092015-IMG_0934.jpg 1600w\" sizes=\"(max-width: 372px) 100vw, 372px\" \/><\/a><\/span><\/p>\n<p style=\"text-align: justify;\">Die Kanzlei wurde 1995, von zwei Gr\u00fcndungsmitgliedern, die sich mit dem Respekt der Deontologie besorgten, gegr\u00fcndet. Unsere Kanzlei ist immer noch Heute eine Kanzlei in Humangr\u00f6sse, in der die Kunden geh\u00f6rt und anerkannt werden.<\/p>\n","protected":false},"excerpt":{"rendered":"<p>Die Kanzlei wurde 1995, von zwei Gr\u00fcndungsmitgliedern, die sich mit dem Respekt der Deontologie besorgten, gegr\u00fcndet. Unsere Kanzlei ist immer noch Heute eine Kanzlei in Humangr\u00f6sse, in der die Kunden geh\u00f6rt und anerkannt werden.<\/p>\n","protected":false},"author":3,"featured_media":0,"parent":0,"menu_order":2,"comment_status":"closed","ping_status":"closed","template":"","meta":[],"_links":{"self":[{"href":"https:\/\/bleger-rhein-poupon.com\/de\/wp-json\/wp\/v2\/pages\/1857"}],"collection":[{"href":"https:\/\/bleger-rhein-poupon.com\/de\/wp-json\/wp\/v2\/pages"}],"about":[{"href":"https:\/\/bleger-rhein-poupon.com\/de\/wp-json\/wp\/v2\/types\/page"}],"author":[{"embeddable":true,"href":"https:\/\/bleger-rhein-poupon.com\/de\/wp-json\/wp\/v2\/users\/3"}],"replies":[{"embeddable":true,"href":"https:\/\/bleger-rhein-poupon.com\/de\/wp-json\/wp\/v2\/comments?post=1857"}],"version-history":[{"count":1,"href":"https:\/\/bleger-rhein-poupon.com\/de\/wp-json\/wp\/v2\/pages\/1857\/revisions"}],"predecessor-version":[{"id":1865,"href":"https:\/\/bleger-rhein-poupon.com\/de\/wp-json\/wp\/v2\/pages\/1857\/revisions\/1865"}],"wp:attachment":[{"href":"https:\/\/bleger-rhein-poupon.com\/de\/wp-json\/wp\/v2\/media?parent=1857"}],"curies":[{"name":"wp","href":"https:\/\/api.w.org\/{rel}","templated":true}]}}