{"id":1878,"date":"2013-11-06T12:04:42","date_gmt":"2013-11-06T11:04:42","guid":{"rendered":"http:\/\/bleger-rhein-poupon.com\/cabinet\/missions\/"},"modified":"2018-02-28T21:31:36","modified_gmt":"2018-02-28T20:31:36","slug":"missions","status":"publish","type":"page","link":"https:\/\/bleger-rhein-poupon.com\/de\/cabinet\/missions\/","title":{"rendered":"Missionen"},"content":{"rendered":"<p><b>Unsere Missionen ?<\/b><\/p>\n<ul>\n<li>Sie zu beraten<\/li>\n<li>Sie zu vertreten<\/li>\n<li>Sie zu unterst\u00fctzen f\u00fcr das Erlangen, das Aufrechterhalten, die Aufwertung, die \u00dcberwachung und die Verteidigung ihrer gewerblichen Rechten.<\/li>\n<\/ul>\n<span class=\"br\"><\/span>\n<p><b><strong>T\u00e4tigkeitsbereiche<\/strong> ?<\/b><\/p>\n<ul>\n<li>Verf\u00fcgbarkeitsrecherchen<\/li>\n<li>\u00dcberwachung Ihrer Schutzrechten<\/li>\n<li>Technologische \u00dcberwachung<\/li>\n<li>Pr\u00fcfung der freien Benutzbarkeit<\/li>\n<li>Beurteilung der Patentf\u00e4higkeit einer Erfindung<\/li>\n<li>Hinterlegung von Schutzrechten (Patente, Marken und Geschmacksmustern)<\/li>\n<li>Verfolgen der Eintragungsverfahren ihrer Schutzrechten<\/li>\n<li>Verhandlung und Abfassung von Vertr\u00e4gen<\/li>\n<li>Beratung einer offensiven Strategie<\/li>\n<li>Beistand in einer defensiven Strategie<\/li>\n<li>Verfahren wegen unlauterem Wettbewerb.<\/li>\n<\/ul>\n","protected":false},"excerpt":{"rendered":"<p>Unsere Missionen ? Sie zu beraten Sie zu vertreten Sie zu unterst\u00fctzen f\u00fcr das Erlangen, das Aufrechterhalten, die Aufwertung, die \u00dcberwachung und die Verteidigung ihrer gewerblichen Rechten. T\u00e4tigkeitsbereiche ? Verf\u00fcgbarkeitsrecherchen \u00dcberwachung Ihrer Schutzrechten Technologische \u00dcberwachung Pr\u00fcfung der freien Benutzbarkeit Beurteilung der Patentf\u00e4higkeit einer Erfindung Hinterlegung von Schutzrechten (Patente, Marken und Geschmacksmustern) Verfolgen der Eintragungsverfahren ihrer [&hellip;]<\/p>\n","protected":false},"author":3,"featured_media":0,"parent":1857,"menu_order":1,"comment_status":"closed","ping_status":"closed","template":"","meta":[],"_links":{"self":[{"href":"https:\/\/bleger-rhein-poupon.com\/de\/wp-json\/wp\/v2\/pages\/1878"}],"collection":[{"href":"https:\/\/bleger-rhein-poupon.com\/de\/wp-json\/wp\/v2\/pages"}],"about":[{"href":"https:\/\/bleger-rhein-poupon.com\/de\/wp-json\/wp\/v2\/types\/page"}],"author":[{"embeddable":true,"href":"https:\/\/bleger-rhein-poupon.com\/de\/wp-json\/wp\/v2\/users\/3"}],"replies":[{"embeddable":true,"href":"https:\/\/bleger-rhein-poupon.com\/de\/wp-json\/wp\/v2\/comments?post=1878"}],"version-history":[{"count":4,"href":"https:\/\/bleger-rhein-poupon.com\/de\/wp-json\/wp\/v2\/pages\/1878\/revisions"}],"predecessor-version":[{"id":1912,"href":"https:\/\/bleger-rhein-poupon.com\/de\/wp-json\/wp\/v2\/pages\/1878\/revisions\/1912"}],"up":[{"embeddable":true,"href":"https:\/\/bleger-rhein-poupon.com\/de\/wp-json\/wp\/v2\/pages\/1857"}],"wp:attachment":[{"href":"https:\/\/bleger-rhein-poupon.com\/de\/wp-json\/wp\/v2\/media?parent=1878"}],"curies":[{"name":"wp","href":"https:\/\/api.w.org\/{rel}","templated":true}]}}