{"id":1952,"date":"2013-11-05T17:24:51","date_gmt":"2013-11-05T16:24:51","guid":{"rendered":"http:\/\/bleger-rhein-poupon.com\/accueil\/"},"modified":"2018-03-29T07:40:48","modified_gmt":"2018-03-29T06:40:48","slug":"accueil","status":"publish","type":"page","link":"https:\/\/bleger-rhein-poupon.com\/de\/","title":{"rendered":"Accueil"},"content":{"rendered":"<h2 style=\"text-align: center; padding: 0 10%;\"><em>Die Kanzlei Bleger-Rhein befindet sich in Strasbourg, Vorz\u00fcglichkeitspol des geistigen Eigentums in Europa. Wir beraten Sie in dem Bereich des Geistigen Eigentums und der zusammenh\u00e4ngenden Rechte (Technologische \u00dcberwachung, Domain Namen, Wettbewerbsrecht, Vertragsrecht&#8230;). <\/em><\/h2>\n<h2 style=\"text-align: center; padding: 0 10%;\"><em>Gegr\u00fcndet im Jahr 1995 von zwei erfahrenen Partnern, die sich der Deontologie bewusst sind, bleiben wir ein menschliches B\u00fcro, in dem sowohl unsere Kunden als auch unsere Partner geh\u00f6rt und gesch\u00e4tzt werden.<\/em><\/h2>\n<p style=\"text-align: justify;\"><span style=\"color: #ffffff;\">blank<\/span><\/p>\n<div class=\"column col-12\"><h6 class=\"separator-heading style-normal\"><span class=\"text-holder\">Unsere Aufgaben<\/span><span class=\"pattern-holder\"><\/span><\/h6>\n<ul>\n<li>Sie zu beraten<\/li>\n<li>Sie zu vertreten<\/li>\n<li>Sie zu unterst\u00fctzen f\u00fcr das Erlangen, das Aufrechterhalten, die Aufwertung, die \u00dcberwachung und die Verteidigung ihrer gewerblichen Rechten<\/li>\n<\/ul>\n<\/div>\n<div class=\"column col-12 last\"><h6 class=\"separator-heading style-normal\"><span class=\"text-holder\">T\u00e4tigkeitsbereiche<\/span><span class=\"pattern-holder\"><\/span><\/h6>\n<div class=\"column col-12\"><\/div>\n<div style=\"width: 100%;\">\n<div style=\"display: inline-block; width: 49%; vertical-align: top;\">\n<ul>\n<li>Verf\u00fcgbarkeitsrecherchen<\/li>\n<li>\u00dcberwachung Ihrer Schutzrechten<\/li>\n<li>Technologische \u00dcberwachung<\/li>\n<li>Pr\u00fcfung der freien Benutzbarkeit<\/li>\n<li>Beurteilung der Patentf\u00e4higkeit einer Erfindungy<\/li>\n<\/ul>\n<\/div>\n<div style=\"display: inline-block; width: 49%; vertical-align: top;\">\n<ul>\n<li>Hinterlegung von Schutzrechten (Patente, Marken und Geschmacksmustern)<\/li>\n<li>Verfolgen der Eintragungsverfahren ihrer Schutzrechten<\/li>\n<li>Verhandlung und Abfassung von Vertr\u00e4gen<\/li>\n<li>Beratung einer offensiven Strategie<\/li>\n<li>Beistand in einer defensiven Strategie<\/li>\n<li>Verfahren wegen unlauterem Wettbewerb<\/li>\n<\/ul>\n<\/div>\n<\/div>\n<\/div>\n<p style=\"text-align: justify;\"><h6 class=\"separator-heading apply-top-margin style-uniform text-center\"><span class=\"pattern-holder\"><\/span><span class=\"text-holder\">Videoeinf\u00fchrung<\/span><span class=\"pattern-holder\"><\/span><\/h6>\n<p style=\"text-align: justify;\"><span style=\"color: #ffffff;\">blank<\/span><\/p>\n<div class=\"video-container\"><div style=\"width: 1160px;\" class=\"wp-video\"><!--[if lt IE 9]><script>document.createElement('video');<\/script><![endif]-->\n<video class=\"wp-video-shortcode\" id=\"video-1952-1\" width=\"1160\" height=\"653\" poster=\"http:\/\/bleger-rhein-poupon.com\/wp-content\/uploads\/24092015-IMG_0934.jpg\" preload=\"metadata\" controls=\"controls\"><source type=\"video\/mp4\" src=\"https:\/\/bleger-rhein-poupon.com\/wp-content\/uploads\/FILM-BLEGER-ANGLAIS.mp4?_=1\" \/><a href=\"https:\/\/bleger-rhein-poupon.com\/wp-content\/uploads\/FILM-BLEGER-ANGLAIS.mp4\">https:\/\/bleger-rhein-poupon.com\/wp-content\/uploads\/FILM-BLEGER-ANGLAIS.mp4<\/a><\/video><\/div><\/div>\n<p style=\"text-align: justify;\"><span style=\"color: #ffffff;\">blank<\/span><\/p>\n<p style=\"text-align: justify;\"><span style=\"color: #ffffff;\">blank<\/span><\/p>\n<div class=\"column col-12\">\n<h5>Eine Methode<\/h5>\n<p>Jedem Erfinder seinen eigenen Berater entsprechend seiner juristischen oder technischen Schwerpunkte (Mechanik, Electronic, Informatik, Biotechnologie&#8230;).<\/p>\n<span class=\"br\"><\/span>\n<\/div>\n<div class=\"column col-12 last\">\n<h5>Unsere Lokalisierung<\/h5>\n<p>In dem Hertzen Europas und Regional sehr nahe unserer Kunden.<\/p>\n<span class=\"br\"><\/span>\n<\/div>\n<div class=\"column col-12\">\n<h5>Ein Stichwort<\/h5>\n<p>Reaktionsf\u00e4higkeit und Kompetenz.<\/p>\n<\/div>\n<div class=\"column col-12 last\">\n<h5>Ein Ziel<\/h5>\n<p>Sie in Ihrer Abwicklung zu Begleiten, in der ganzen Welt, um den Fortbestand Ihrer M\u00e4rkte zu sichern.<\/p>\n<\/div>\n<p style=\"text-align: justify;\"><span style=\"color: #ffffff;\">blank<\/span><\/p>\n<h6 class=\"separator-heading apply-top-margin style-uniform text-center\"><span class=\"pattern-holder\"><\/span><span class=\"text-holder\">PATENTE<\/span><span class=\"pattern-holder\"><\/span><\/h6>\n<p style=\"text-align: justify;\"><span style=\"color: #ffffff;\">blank<\/span><\/p>\n<p>Ein Patent sch\u00fctzt technische Erfindungen die neu und nicht offensichtlich sind f\u00fcr Maximum 20 Jahren.<br \/>\nPatente sind strategische wirtschaftliche Waffen die ihren Inhabern jedem Dritten hin\u00fcber ein Verbietungsrecht verleihen, die Patentierte Ware zu herstellen, importieren oder auf den Markt zu bringen.<\/p>\n<p style=\"text-align: justify;\"><span style=\"color: #ffffff;\">blank<\/span><\/p>\n<h6 class=\"separator-heading apply-top-margin style-uniform text-center\"><span class=\"pattern-holder\"><\/span><span class=\"text-holder\">MARKEN<\/span><span class=\"pattern-holder\"><\/span><\/h6>\n<p style=\"text-align: justify;\"><span style=\"color: #ffffff;\">blank<\/span><\/p>\n<p>Eine Marke ist ein Kennzeichen, das als zusammenfassende Bezugpunkt der Wertsch\u00e4tzung und des Rufes der Produkte oder Dienste benutzt wird.<br \/>\nEine eingetragene Marke kann auf unbegrenzte Zeit pro Perioden von zehn Jahren erneuert werden.<br \/>\nEine eingetragene Marke verleiht seinem Inhaber das recht jede Reproduktion oder Nachahmung f\u00fcr identische oder gleichartige Produkte zu verbieten.<\/p>\n<p style=\"text-align: justify;\"><span style=\"color: #ffffff;\">blank<\/span><\/p>\n<h6 class=\"separator-heading apply-top-margin style-uniform text-center\"><span class=\"pattern-holder\"><\/span><span class=\"text-holder\">DOMAIN NAMEN<\/span><span class=\"pattern-holder\"><\/span><\/h6>\n<p style=\"text-align: justify;\"><span style=\"color: #ffffff;\">blank<\/span><\/p>\n<p>Domain-Namen bilden f\u00fcr sich ein neues Label.<br \/>\nDie Zuordnung von Webseiten erfolgt nach einem einfachen und effektiven Prinzip zuerst angekommen, zuerst bedient.<\/p>\n<p style=\"text-align: justify;\"><span style=\"color: #ffffff;\">blank<\/span><\/p>\n<p class=\"p1\"><div class=\"column col-12\"><h6 class=\"separator-heading style-normal\"><span class=\"text-holder\">BLEGER-RHEIN-POUPON in Zusammenfassung<\/span><span class=\"pattern-holder\"><\/span><\/h6>\n<p>Wir sind autorisierte Agenten f\u00fcr :<\/p>\n<ul>\n<li><strong>INPI<\/strong> [Institut National de la Propri\u00e9t\u00e9 Industrielle]<\/li>\n<li><strong>OEB<\/strong> [Office Europ\u00e9en des Brevets]<\/li>\n<li><strong>EUIPO<\/strong> [Office de l&#8217;Union Europ\u00e9enne pour la Propri\u00e9t\u00e9 Intellectuelle]<\/li>\n<li><strong>OMPI <\/strong>[Organisation Mondiale pour la Propri\u00e9t\u00e9 Intellectuelle]<\/li>\n<\/ul>\n<p><img loading=\"lazy\" class=\"alignnone wp-image-1842 size-thumbnail\" src=\"http:\/\/bleger-rhein-poupon.com\/wp-content\/uploads\/inpi-150x150.png\" alt=\"\" width=\"150\" height=\"150\" srcset=\"https:\/\/bleger-rhein-poupon.com\/wp-content\/uploads\/inpi-150x150.png 150w, https:\/\/bleger-rhein-poupon.com\/wp-content\/uploads\/inpi-60x60.png 60w, https:\/\/bleger-rhein-poupon.com\/wp-content\/uploads\/inpi.png 200w\" sizes=\"(max-width: 150px) 100vw, 150px\" \/>\u00a0<img loading=\"lazy\" class=\"alignnone size-thumbnail wp-image-1844\" src=\"http:\/\/bleger-rhein-poupon.com\/wp-content\/uploads\/oeb-150x150.png\" alt=\"\" width=\"150\" height=\"150\" srcset=\"https:\/\/bleger-rhein-poupon.com\/wp-content\/uploads\/oeb-150x150.png 150w, https:\/\/bleger-rhein-poupon.com\/wp-content\/uploads\/oeb-60x60.png 60w, https:\/\/bleger-rhein-poupon.com\/wp-content\/uploads\/oeb.png 200w\" sizes=\"(max-width: 150px) 100vw, 150px\" \/><img loading=\"lazy\" class=\"alignnone size-thumbnail wp-image-1847\" src=\"http:\/\/bleger-rhein-poupon.com\/wp-content\/uploads\/ohmi-150x150.png\" alt=\"\" width=\"150\" height=\"150\" srcset=\"https:\/\/bleger-rhein-poupon.com\/wp-content\/uploads\/ohmi-150x150.png 150w, https:\/\/bleger-rhein-poupon.com\/wp-content\/uploads\/ohmi-60x60.png 60w, https:\/\/bleger-rhein-poupon.com\/wp-content\/uploads\/ohmi.png 200w\" sizes=\"(max-width: 150px) 100vw, 150px\" \/><img loading=\"lazy\" class=\"alignnone size-thumbnail wp-image-1848\" src=\"http:\/\/bleger-rhein-poupon.com\/wp-content\/uploads\/ompi-150x150.png\" alt=\"\" width=\"150\" height=\"150\" srcset=\"https:\/\/bleger-rhein-poupon.com\/wp-content\/uploads\/ompi-150x150.png 150w, https:\/\/bleger-rhein-poupon.com\/wp-content\/uploads\/ompi-60x60.png 60w, https:\/\/bleger-rhein-poupon.com\/wp-content\/uploads\/ompi.png 200w\" sizes=\"(max-width: 150px) 100vw, 150px\" \/><\/p>\n<\/div>\n<p class=\"p1\"><div class=\"column col-12 last\"><h6 class=\"separator-heading style-normal\"><span class=\"text-holder\">But also&#8230;.<\/span><span class=\"pattern-holder\"><\/span><\/h6>\n<p>Wir sind auch Mitglied in zwei internationalen Verb\u00e4nden, den internationalen Spezialisten im Markenrecht :<\/p>\n<ul>\n<li><strong>INTA<\/strong> [International Trademark Association]<\/li>\n<li><strong>ECTA<\/strong> [European Communities Trade Mark Association]<\/li>\n<\/ul>\n<p><img loading=\"lazy\" class=\"alignnone size-thumbnail wp-image-1843\" src=\"http:\/\/bleger-rhein-poupon.com\/wp-content\/uploads\/inta-150x150.png\" alt=\"\" width=\"150\" height=\"150\" srcset=\"https:\/\/bleger-rhein-poupon.com\/wp-content\/uploads\/inta-150x150.png 150w, https:\/\/bleger-rhein-poupon.com\/wp-content\/uploads\/inta-60x60.png 60w, https:\/\/bleger-rhein-poupon.com\/wp-content\/uploads\/inta.png 200w\" sizes=\"(max-width: 150px) 100vw, 150px\" \/><img loading=\"lazy\" class=\"alignnone size-thumbnail wp-image-1845\" src=\"http:\/\/bleger-rhein-poupon.com\/wp-content\/uploads\/ecta-150x150.png\" alt=\"\" width=\"150\" height=\"150\" srcset=\"https:\/\/bleger-rhein-poupon.com\/wp-content\/uploads\/ecta-150x150.png 150w, https:\/\/bleger-rhein-poupon.com\/wp-content\/uploads\/ecta-60x60.png 60w, https:\/\/bleger-rhein-poupon.com\/wp-content\/uploads\/ecta.png 200w\" sizes=\"(max-width: 150px) 100vw, 150px\" \/><\/p>\n<p>Und wir nehmen auch an verschiedenen Arbeitsaussch\u00fcssen des <a href=\"http:\/\/www.cncpi.fr\/\"><b>CNCPI<\/b><\/a> teile\u00a0[Compagnie National des Conseils en Propri\u00e9t\u00e9 Industrielle].<\/p>\n<p class=\"p1\"><\/div>\n<span class=\"br\"><\/span>\n","protected":false},"excerpt":{"rendered":"<p>Die Kanzlei Bleger-Rhein befindet sich in Strasbourg, Vorz\u00fcglichkeitspol des geistigen Eigentums in Europa. Wir beraten Sie in dem Bereich des Geistigen Eigentums und der zusammenh\u00e4ngenden Rechte (Technologische \u00dcberwachung, Domain Namen, Wettbewerbsrecht, Vertragsrecht&#8230;). Gegr\u00fcndet im Jahr 1995 von zwei erfahrenen Partnern, die sich der Deontologie bewusst sind, bleiben wir ein menschliches B\u00fcro, in dem sowohl unsere [&hellip;]<\/p>\n","protected":false},"author":3,"featured_media":0,"parent":0,"menu_order":0,"comment_status":"closed","ping_status":"closed","template":"","meta":[],"_links":{"self":[{"href":"https:\/\/bleger-rhein-poupon.com\/de\/wp-json\/wp\/v2\/pages\/1952"}],"collection":[{"href":"https:\/\/bleger-rhein-poupon.com\/de\/wp-json\/wp\/v2\/pages"}],"about":[{"href":"https:\/\/bleger-rhein-poupon.com\/de\/wp-json\/wp\/v2\/types\/page"}],"author":[{"embeddable":true,"href":"https:\/\/bleger-rhein-poupon.com\/de\/wp-json\/wp\/v2\/users\/3"}],"replies":[{"embeddable":true,"href":"https:\/\/bleger-rhein-poupon.com\/de\/wp-json\/wp\/v2\/comments?post=1952"}],"version-history":[{"count":4,"href":"https:\/\/bleger-rhein-poupon.com\/de\/wp-json\/wp\/v2\/pages\/1952\/revisions"}],"predecessor-version":[{"id":1956,"href":"https:\/\/bleger-rhein-poupon.com\/de\/wp-json\/wp\/v2\/pages\/1952\/revisions\/1956"}],"wp:attachment":[{"href":"https:\/\/bleger-rhein-poupon.com\/de\/wp-json\/wp\/v2\/media?parent=1952"}],"curies":[{"name":"wp","href":"https:\/\/api.w.org\/{rel}","templated":true}]}}