{"id":1995,"date":"2018-05-18T16:55:15","date_gmt":"2018-05-18T15:55:15","guid":{"rendered":"http:\/\/bleger-rhein-poupon.com\/cgu\/"},"modified":"2018-06-12T16:02:03","modified_gmt":"2018-06-12T15:02:03","slug":"cgu","status":"publish","type":"page","link":"https:\/\/bleger-rhein-poupon.com\/zh-hans\/cgu\/","title":{"rendered":"Conditions G\u00e9n\u00e9rales d&#8217;Utilisation"},"content":{"rendered":"<p><strong>Conditions G\u00e9n\u00e9rales d\u2019Utilisation de ce site<\/strong><\/p>\n<span class=\"br\"><\/span>\n<p>Le pr\u00e9sent site est la propri\u00e9t\u00e9 du <strong><em>Cabinet<\/em><\/strong>\u00a0<strong><em>BLEGER-RHEIN-POUPON<\/em><\/strong>, Siren <strong>401\u00a0798 400<\/strong>, dont le si\u00e8ge est situ\u00e9 <strong>4a Rue de l\u2019Industrie, 67450 Mundolsheim, France.<\/strong><\/p>\n<p>Le pr\u00e9sent document a pour objet de d\u00e9finir les modalit\u00e9s et conditions dans lesquelles d\u2019une part, <strong><em>Cabinet<\/em><\/strong>\u00a0<strong><em>BLEGER-RHEIN-POUPON<\/em><\/strong> met \u00e0 la disposition de ses utilisateurs le site, et les services disponibles sur le site et d\u2019autre part, la mani\u00e8re par laquelle l\u2019utilisateur acc\u00e8de au site et utilise ses services.<\/p>\n<p>Pour l\u2019utilisateur, le simple acc\u00e8s au site <strong><em>bleger-rhein-poupon.com<\/em><\/strong>, ci-apr\u00e8s le \u00ab\u00a0SITE\u00a0\u00bb, du <strong><em>Cabinet<\/em><\/strong>\u00a0<strong><em>BLEGER-RHEIN-POUPON<\/em><\/strong> implique l\u2019acceptation de l\u2019ensemble des conditions d\u00e9crites ci-apr\u00e8s.<\/p>\n<span class=\"br\"><\/span>\n<p><strong>Acc\u00e8s au site<\/strong><\/p>\n<span class=\"br\"><\/span>\n<p><strong><em>Le Cabinet\u00a0BLEGER-RHEIN-POUPON <\/em><\/strong>s\u2019efforce de permettre l\u2019acc\u00e8s au SITE 24 heures sur 24, 7 jours sur 7, sauf en cas de force majeure ou d\u2019un \u00e9v\u00e9nement hors de son contr\u00f4le, et sous r\u00e9serve des \u00e9ventuelles pannes et interventions de maintenance n\u00e9cessaires au bon fonctionnement du SITE et des services.<\/p>\n<p>Par cons\u00e9quent, <strong><em>le Cabinet\u00a0BLEGER-RHEIN-POUPON <\/em><\/strong>ne peut garantir une disponibilit\u00e9 du SITE et\/ou des services, une fiabilit\u00e9 des transmissions et des performances en terme de temps de r\u00e9ponse ou de qualit\u00e9. Il n\u2019est pr\u00e9vu aucune assistance technique vis \u00e0 vis de l\u2019utilisateur que ce soit par des moyens \u00e9lectronique ou t\u00e9l\u00e9phonique.<\/p>\n<p>La responsabilit\u00e9 du\u00a0<strong><em>Cabinet<\/em><\/strong>\u00a0<strong><em>BLEGER-RHEIN-POUPON<\/em><\/strong> ne saurait \u00eatre engag\u00e9e en cas d\u2019impossibilit\u00e9 d\u2019acc\u00e8s \u00e0 ce SITE et\/ou d\u2019utilisation des services.<\/p>\n<p>Par ailleurs, <strong><em>BLEGER-RHEIN-POUPON<\/em><\/strong> peut \u00eatre amen\u00e9 \u00e0 interrompre le SITE ou une partie des services, \u00e0 tout moment sans pr\u00e9avis, le tout sans droit \u00e0 indemnit\u00e9s. L\u2019utilisateur reconna\u00eet et accepte que <strong><em>le Cabinet\u00a0BLEGER-RHEIN-POUPON <\/em><\/strong>ne soit pas responsable des interruptions, et des cons\u00e9quences qui peuvent en d\u00e9couler pour l\u2019utilisateur ou tout tiers.<\/p>\n<span class=\"br\"><\/span>\n<p><strong>Liens hypertextes<\/strong><\/p>\n<span class=\"br\"><\/span>\n<p>Le SITE peut contenir des liens hypertextes vers d\u2019autres sites pr\u00e9sents sur le r\u00e9seau Internet. Le <strong><em>Cabinet<\/em><\/strong>\u00a0<strong><em>BLEGER-RHEIN-POUPON <\/em><\/strong>ne dispose d\u2019aucun moyen de contr\u00f4le du contenu de ces sites tiers qui demeurent totalement ind\u00e9pendants du <strong><em>Cabinet<\/em><\/strong>\u00a0<strong><em>BLEGER-RHEIN-POUPON<\/em><\/strong>. L\u2019existence d\u2019un lien entre le SITE et un site tiers ne signifie en aucun cas que le\u00a0<strong><em>Cabinet<\/em><\/strong>\u00a0<strong><em>BLEGER-RHEIN-POUPON<\/em><\/strong> approuve le contenu de ce site tiers et l\u2019utilisation qui pourrait en \u00eatre faite. En cons\u00e9quence la responsabilit\u00e9 du\u00a0<strong><em>Cabinet<\/em><\/strong>\u00a0<strong><em>BLEGER-RHEIN-POUPON<\/em><\/strong> ne saurait \u00eatre engag\u00e9e au titre d\u2019un site tiers auquel vous pourriez avoir acc\u00e8s via le SITE.<\/p>\n<p>Il est possible de cr\u00e9er un lien vers la page de pr\u00e9sentation de ce SITE sans autorisation expresse du <strong><em>Cabinet<\/em><\/strong>\u00a0<strong><em>BLEGER-RHEIN-POUPON<\/em><\/strong>. Aucune autorisation ou demande d\u2019information pr\u00e9alable ne peut \u00eatre exig\u00e9e par le\u00a0<strong><em>Cabinet<\/em><\/strong>\u00a0<strong><em>BLEGER-RHEIN-POUPON<\/em><\/strong> \u00e0 l\u2019\u00e9gard d\u2019un site qui souhaite \u00e9tablir un lien vers le SITE du <strong><em>Cabinet<\/em><\/strong>\u00a0<strong><em>BLEGER-RHEIN-POUPON<\/em><\/strong>. Cependant, le\u00a0<strong><em>Cabinet<\/em><\/strong>\u00a0<strong><em>BLEGER-RHEIN-POUPON<\/em><\/strong> se r\u00e9serve le droit de demander la suppression d\u2019un lien qu\u2019il estime non conforme \u00e0 l\u2019objet du SITE.<\/p>\n<span class=\"br\"><\/span>\n<p><strong>Limitations contractuelles sur les donn\u00e9es techniques<\/strong><\/p>\n<span class=\"br\"><\/span>\n<p>Le SITE utilise la technologie JavaScript et ne pourra \u00eatre tenu responsable de dommages mat\u00e9riels li\u00e9s \u00e0 son utilisation. De plus, l\u2019utilisateur du SITE s\u2019engage \u00e0 y acc\u00e9der en utilisant un mat\u00e9riel r\u00e9cent, ne contenant pas de virus et avec un navigateur de derni\u00e8re g\u00e9n\u00e9ration mis-\u00e0-jour.<\/p>\n<span class=\"br\"><\/span>\n<p><strong>Responsabilit\u00e9 de l\u2019\u00e9diteur<\/strong><\/p>\n<span class=\"br\"><\/span>\n<p>Les informations et\/ou documents figurant sur ce SITE et\/ou accessibles par ce SITE proviennent de sources consid\u00e9r\u00e9es comme \u00e9tant fiables.<\/p>\n<p>Toutefois, ces informations et\/ou documents sont susceptibles de contenir des inexactitudes techniques et des erreurs typographiques.<\/p>\n<p><strong><em>Le Cabinet BLEGER-RHEIN-POUPON<\/em><\/strong> se r\u00e9serve le droit de les corriger, d\u00e8s que ces erreurs sont port\u00e9es \u00e0 sa connaissance.<\/p>\n<p>Il est fortement recommand\u00e9 de v\u00e9rifier l\u2019exactitude et la pertinence des informations et\/ou documents mis \u00e0 disposition sur ce SITE.<\/p>\n<p>Les informations et\/ou documents disponibles sur ce SITE sont susceptibles d\u2019\u00eatre modifi\u00e9s \u00e0 tout moment, et peuvent avoir fait l\u2019objet de mises \u00e0 jour. En particulier, ils peuvent avoir fait l\u2019objet d\u2019une mise \u00e0 jour entre le moment de leur t\u00e9l\u00e9chargement et celui o\u00f9 l\u2019utilisateur en prend connaissance.<\/p>\n<p>L\u2019utilisation des informations et\/ou documents disponibles sur ce SITE se fait sous l\u2019enti\u00e8re et seule responsabilit\u00e9 de l\u2019utilisateur, qui assume la totalit\u00e9 des cons\u00e9quences pouvant en d\u00e9couler, sans que la responsabilit\u00e9 du\u00a0<strong><em>Cabinet<\/em><\/strong>\u00a0<strong><em>BLEGER-RHEIN-POUPON<\/em><\/strong> puisse \u00eatre engag\u00e9e \u00e0 ce titre.<\/p>\n<p><strong><em>Le Cabinet BLEGER-RHEIN-POUPON<\/em><\/strong> ne pourra en aucun cas \u00eatre tenu responsable de tout dommage de quelque nature qu\u2019il soit r\u00e9sultant de l\u2019interpr\u00e9tation ou de l\u2019utilisation des informations et\/ou documents disponibles sur ce SITE.<\/p>\n<span class=\"br\"><\/span>\n<p><strong>Informatique et Libert\u00e9s<\/strong><\/p>\n<span class=\"br\"><\/span>\n<p>Vous \u00eates inform\u00e9 que, conform\u00e9ment \u00e0 la loi Informatique, fichiers et libert\u00e9s du 6 janvier 1978, les informations que vous communiquez notamment du fait des formulaires qui y sont pr\u00e9sents permettent de r\u00e9pondre \u00e0 vos demandes et nous sont uniquement destin\u00e9es, en tant que responsable du traitement, \u00e0 des fins de gestion administrative et commerciale.<\/p>\n<p>Vous \u00eates inform\u00e9 que, lors de vos visites sur le site, un t\u00e9moin de connexion (cookie) peut s\u2019installer automatiquement sur votre logiciel de navigation. Le t\u00e9moin de connexion est un bloc de donn\u00e9es qui ne permet pas d\u2019identifier l\u2019utilisateur mais sert \u00e0 enregistrer des informations relatives \u00e0 la navigation de celui-ci sur le site. Le param\u00e9trage des logiciels de navigation permet d\u2019informer de la pr\u00e9sence du t\u00e9moin et \u00e9ventuellement de le refuser. Dans ce cas le <strong><em>Cabinet<\/em><\/strong>\u00a0<strong><em>BLEGER-RHEIN-POUPON<\/em><\/strong> ne saurait garantir une parfaite qualit\u00e9 de navigation pour l\u2019utilisateur, le t\u00e9moin pouvant s\u2019av\u00e9rer n\u00e9cessaire pour l\u2019utilisation de fonctionnalit\u00e9s \u00e9volu\u00e9es.<\/p>\n<p>Vous disposez d\u2019un droit d\u2019acc\u00e8s, de retrait et de modification concernant vos donn\u00e9es personnelles, en nous contactant via tout moyen propos\u00e9 sur ce SITE.<\/p>\n<span class=\"br\"><\/span>\n<p><strong>R\u00e8gles d\u2019usage d\u2019Internet<\/strong><\/p>\n<span class=\"br\"><\/span>\n<p>L\u2019utilisateur d\u00e9clare accepter les caract\u00e9ristiques et les limites d\u2019Internet, et notamment reconna\u00eet que :<\/p>\n<ul>\n<li><strong><em>Le Cabinet\u00a0BLEGER-RHEIN-POUPON<\/em><\/strong>\u00a0n\u2019assume aucune responsabilit\u00e9 sur les services accessibles par Internet et n\u2019exerce aucun contr\u00f4le de quelque forme que ce soit sur la nature et les caract\u00e9ristiques des donn\u00e9es qui pourraient transiter par l\u2019interm\u00e9diaire de son centre serveur<\/li>\n<li>L\u2019utilisateur reconna\u00eet que les donn\u00e9es circulant sur Internet ne sont pas prot\u00e9g\u00e9es notamment contre les d\u00e9tournements \u00e9ventuels. La communication de toute information jug\u00e9e par l\u2019utilisateur de nature sensible ou confidentielle se fait \u00e0 ses risques et p\u00e9rils<\/li>\n<li>L\u2019utilisateur reconna\u00eet que les donn\u00e9es circulant sur Internet peuvent \u00eatre r\u00e9glement\u00e9es en termes d\u2019usage ou \u00eatre prot\u00e9g\u00e9es par un droit de propri\u00e9t\u00e9<\/li>\n<li>L\u2019utilisateur est seul responsable de l\u2019usage des donn\u00e9es qu\u2019il consulte, interroge et transf\u00e8re sur Internet<\/li>\n<li>L\u2019utilisateur reconna\u00eet que le\u00a0<strong><em>Cabinet<\/em><\/strong>\u00a0<strong><em>BLEGER-RHEIN-POUPON<\/em><\/strong> ne dispose d\u2019aucun moyen de contr\u00f4le sur le contenu des services accessibles sur Internet<\/li>\n<\/ul>\n<span class=\"br\"><\/span>\n<p><strong>Modification des conditions d\u2019utilisation<\/strong><\/p>\n<span class=\"br\"><\/span>\n<p><strong><em>Le Cabinet\u00a0BLEGER-RHEIN-POUPON <\/em><\/strong>se r\u00e9serve la possibilit\u00e9 de modifier, \u00e0 tout moment et sans pr\u00e9avis, les pr\u00e9sentes conditions d\u2019utilisation afin de les adapter aux \u00e9volutions du SITE et\/ou de son exploitation.<\/p>\n<span class=\"br\"><\/span>\n<p><strong>Propri\u00e9t\u00e9 intellectuelle<\/strong><\/p>\n<span class=\"br\"><\/span>\n<p>La structure g\u00e9n\u00e9rale de ce SITE, ainsi que les textes, graphiques, images, sons et\u00a0 vid\u00e9os la composant, sont la propri\u00e9t\u00e9 du <strong><em>Cabinet<\/em><\/strong>\u00a0<strong><em>BLEGER-RHEIN-POUPON<\/em><\/strong>, ou de tiers ayant autoris\u00e9\u00a0<strong><em>le Cabinet\u00a0BLEGER-RHEIN-POUPON<\/em><\/strong>\u00a0\u00e0 les utiliser. Toute repr\u00e9sentation et\/ou reproduction et\/ou exploitation partielle ou totale des contenus et services propos\u00e9s par ce SITE, par quelque proc\u00e9d\u00e9 que ce soit, est strictement interdite et serait susceptible de constituer une contrefa\u00e7on au sens des articles L 335-2 et suivants du Code de la propri\u00e9t\u00e9 intellectuelle.<\/p>\n<span class=\"br\"><\/span>\n<p><strong>Droit applicable \u2013 Tribunaux comp\u00e9tents<\/strong><\/p>\n<span class=\"br\"><\/span>\n<p>Le SITE a \u00e9t\u00e9 con\u00e7u en\u00a0 France et est \u00e9galement h\u00e9berg\u00e9 en France. Le Site et les pr\u00e9sentes mentions l\u00e9gales sont soumis au droit fran\u00e7ais. En cas de litige, les tribunaux fran\u00e7ais seront seuls comp\u00e9tents.<\/p>\n<span class=\"br\"><\/span>\n<p><strong>Editeur du Site<\/strong><\/p>\n<span class=\"br\"><\/span>\n<p>CYSTEME<\/p>\n<p>SAS au capital de 1000\u20ac<\/p>\n<p>SIRET 753 485 788 00024 RCS Strasbourg<\/p>\n<p>67 Rue Virgile, 67200 Strasbourg<\/p>\n<p>T\u00e9l\u00e9phone 0970 40 60 90<\/p>\n<p>Email contact@cysteme.fr<\/p>\n<p>Num\u00e9ro de TVA intracommunautaire FR28753485788<\/p>\n<p>Directeur de la publication : Luc Christiany, PDG de CYSTEME<\/p>\n<p>Responsable de la R\u00e9daction : <strong><em>Cabinet<\/em><\/strong>\u00a0<strong><em>BLEGER-RHEIN-POUPON<\/em><\/strong><\/p>\n<p><strong>H\u00e9bergeur du Site<\/strong><\/p>\n<span class=\"br\"><\/span>\n<p>O2SWITCH<\/p>\n<p>SARL au capital de 100 000 euros<\/p>\n<p>SIRET 510 909 80700024 &#8211; RCS Clermont Ferrand<\/p>\n<p>222 Boulevard Gustave Flaubert, 63000 Clermont-Ferrand<\/p>\n<span class=\"br\"><\/span>\n<p>Copyright \u00a9 2018 <strong><em>BLEGER-RHEIN-POUPON<\/em><\/strong> \u2013 Tous droits r\u00e9serv\u00e9s<\/p>\n<span class=\"br\"><\/span>\n<p>Derni\u00e8re mise \u00e0 jour : Mai 2018<\/p>\n","protected":false},"excerpt":{"rendered":"<p>Conditions G\u00e9n\u00e9rales d\u2019Utilisation de ce site Le pr\u00e9sen [&hellip;]<\/p>\n","protected":false},"author":3,"featured_media":0,"parent":0,"menu_order":0,"comment_status":"closed","ping_status":"closed","template":"page-template\/construction.php","meta":[],"_links":{"self":[{"href":"https:\/\/bleger-rhein-poupon.com\/zh-hans\/wp-json\/wp\/v2\/pages\/1995"}],"collection":[{"href":"https:\/\/bleger-rhein-poupon.com\/zh-hans\/wp-json\/wp\/v2\/pages"}],"about":[{"href":"https:\/\/bleger-rhein-poupon.com\/zh-hans\/wp-json\/wp\/v2\/types\/page"}],"author":[{"embeddable":true,"href":"https:\/\/bleger-rhein-poupon.com\/zh-hans\/wp-json\/wp\/v2\/users\/3"}],"replies":[{"embeddable":true,"href":"https:\/\/bleger-rhein-poupon.com\/zh-hans\/wp-json\/wp\/v2\/comments?post=1995"}],"version-history":[{"count":3,"href":"https:\/\/bleger-rhein-poupon.com\/zh-hans\/wp-json\/wp\/v2\/pages\/1995\/revisions"}],"predecessor-version":[{"id":2029,"href":"https:\/\/bleger-rhein-poupon.com\/zh-hans\/wp-json\/wp\/v2\/pages\/1995\/revisions\/2029"}],"wp:attachment":[{"href":"https:\/\/bleger-rhein-poupon.com\/zh-hans\/wp-json\/wp\/v2\/media?parent=1995"}],"curies":[{"name":"wp","href":"https:\/\/api.w.org\/{rel}","templated":true}]}}